{"id":55,"date":"2016-01-05T16:49:18","date_gmt":"2016-01-05T16:49:18","guid":{"rendered":"http:\/\/helden-von-falkenstein.de\/wordpress\/?page_id=55"},"modified":"2016-01-08T17:22:02","modified_gmt":"2016-01-08T16:22:02","slug":"questen","status":"publish","type":"page","link":"https:\/\/helden-von-falkenstein.de\/wordpress\/falkenstein\/questen\/","title":{"rendered":"Questen"},"content":{"rendered":"<p>Die Gesichten, die durch das Spiel <em>Helden von Falkenstein<\/em> erlebbar werden, sind in Questen unterteilt. Einige von ihnen sind variabel einsetzbar, andere haben einen roten Faden und erz\u00e4hlen eine l\u00e4ngere Geschichte.<\/p>\n<p>In der Grundversion des Spiels ist es die Geschichte um den schwarzen Ritter.\u00a0Ein unerkannter Ritter, der in Falkenstein f\u00fcr Aufsehen sorgt,\u00a0besonders, da Herzog Felian verschollen ist. Erst im Laufe der Geschichte wird klar, in welchem Zusammenhang beide Ereignisse stehen.<\/p>\n<p>Der modulare Aufbau der Questen macht es m\u00f6glich, die Spieldauer und den Schwierigkeitsgrad selbst zu bestimmen. Au\u00dferdem erh\u00f6ht sich die Wiederspielbarkeit durch immer wieder andere Questen, die dem roten Faden hinzugef\u00fcgt werden k\u00f6nnen.<\/p>\n<p>Um den Questen noch mehr Tiefe zu verleihen haben wir ein Questbuch geschaffen. Hier erhalten die Spieler mehr Informationen zu Beginn jeder Quest und oftmals auch zu verschiedenen Enden, die eine Quest nehmen kann.<\/p>\n","protected":false},"excerpt":{"rendered":"<p>Die Gesichten, die durch das Spiel Helden von Falkenstein erlebbar werden, sind in Questen unterteilt. Einige von ihnen sind variabel einsetzbar, andere haben einen roten Faden und erz\u00e4hlen eine l\u00e4ngere Geschichte. In der Grundversion des Spiels ist es die Geschichte um den schwarzen Ritter.\u00a0Ein unerkannter Ritter, der in Falkenstein f\u00fcr Aufsehen sorgt,\u00a0besonders, da Herzog Felian<span class=\"excerpt-ellipsis\">&#8230;<\/span><\/p>\n<p><a class=\"more-link\" href=\"https:\/\/helden-von-falkenstein.de\/wordpress\/falkenstein\/questen\/\" itemprop=\"url\">Continue<\/a><\/p>\n","protected":false},"author":1,"featured_media":0,"parent":51,"menu_order":0,"comment_status":"closed","ping_status":"closed","template":"page-templates\/template-left-right.php","meta":{"jetpack_post_was_ever_published":false,"footnotes":""},"class_list":["post-55","page","type-page","status-publish","hentry"],"jetpack_sharing_enabled":true,"jetpack_shortlink":"https:\/\/wp.me\/P75ULJ-T","jetpack-related-posts":[],"_links":{"self":[{"href":"https:\/\/helden-von-falkenstein.de\/wordpress\/wp-json\/wp\/v2\/pages\/55","targetHints":{"allow":["GET"]}}],"collection":[{"href":"https:\/\/helden-von-falkenstein.de\/wordpress\/wp-json\/wp\/v2\/pages"}],"about":[{"href":"https:\/\/helden-von-falkenstein.de\/wordpress\/wp-json\/wp\/v2\/types\/page"}],"author":[{"embeddable":true,"href":"https:\/\/helden-von-falkenstein.de\/wordpress\/wp-json\/wp\/v2\/users\/1"}],"replies":[{"embeddable":true,"href":"https:\/\/helden-von-falkenstein.de\/wordpress\/wp-json\/wp\/v2\/comments?post=55"}],"version-history":[{"count":5,"href":"https:\/\/helden-von-falkenstein.de\/wordpress\/wp-json\/wp\/v2\/pages\/55\/revisions"}],"predecessor-version":[{"id":486,"href":"https:\/\/helden-von-falkenstein.de\/wordpress\/wp-json\/wp\/v2\/pages\/55\/revisions\/486"}],"up":[{"embeddable":true,"href":"https:\/\/helden-von-falkenstein.de\/wordpress\/wp-json\/wp\/v2\/pages\/51"}],"wp:attachment":[{"href":"https:\/\/helden-von-falkenstein.de\/wordpress\/wp-json\/wp\/v2\/media?parent=55"}],"curies":[{"name":"wp","href":"https:\/\/api.w.org\/{rel}","templated":true}]}}