{"id":57,"date":"2016-01-05T16:49:35","date_gmt":"2016-01-05T16:49:35","guid":{"rendered":"http:\/\/helden-von-falkenstein.de\/wordpress\/?page_id=57"},"modified":"2016-05-31T20:20:03","modified_gmt":"2016-05-31T18:20:03","slug":"jericho-vs-bernhelm","status":"publish","type":"page","link":"https:\/\/helden-von-falkenstein.de\/wordpress\/falkenstein\/jericho-vs-bernhelm\/","title":{"rendered":"Wichtige Pers\u00f6nlichkeiten"},"content":{"rendered":"<p>&nbsp;<\/p>\n<h3>Herzog Felian<\/h3>\n<p>Herzog Felian ist der g\u00fctige Herrscher des Landes. Sein Ruf ist untadelig und so mancher Edelmann ist voll des Neides ob seiner Akzeptanz beim Volk. Einzig die Minne, so sagt man, ist Felians gr\u00f6\u00dfte Schw\u00e4che. So wird behauptet, er sei schon oft mehrere Tage nicht gesehen worden auf Grund einer Suche nach einer Dame, die sich f\u00fcr den Bund der Ehe mit ihm eignen w\u00fcrde. Doch jeder, der ihn je zu Gesicht bekam, erliegt seinem Charm und so ist es nicht verwunderlich, dass sein Volk im zujubelt, egal wo er auftaucht.<\/p>\n<hr \/>\n<h3>Jericho vs. Bernhelm<\/h3>\n<p>In Helden von Falkenstein werden die Spieler von den M\u00e4chten des Herzogtums gelenkt und beeinflusst. W\u00e4hrend Bernhelm von Burgenwachts Einfluss vorrangig auf die Erf\u00fcllung der Questen beschr\u00e4nkt ist, weitet <a href=\"http:\/\/helden-von-falkenstein.de\/wordpress\/der-kanzler-hoechst-persoenlich\/\">Jericho<\/a> seinen Einfluss aus. Er ist der heimliche Regent des Herzogtums und verwaltet die Geldreserven des Herzogs. An ihm f\u00fchrt also kein Weg vorbei, doch kostet jede finanzielle Unterst\u00fctzung immer eine Gef\u00e4lligkeit&#8230;<\/p>\n<hr \/>\n<h3>Franz Harald Gassenknecht<\/h3>\n<p>Die ber\u00fchmten Sammelbildchen aus der Reihe &#8222;Die Helden der Front&#8220; (HdF) werden von dem in St. Georg ans\u00e4ssigen K\u00fcnstler Franz Harald Gassenknecht gezeichnet und von der gesamten Bev\u00f6lkerung gerne gesammelt. Sie zeigen die t\u00fcchtigsten\u00a0Soldaten und Trossmitglieder\u00a0Falkensteins bei ihrer Arbeit. Durch diese Bilder sind die Gesichter der <a href=\"http:\/\/helden-von-falkenstein.de\/wordpress\/falkenstein\/helden\/\">Helden<\/a> in ganz Falkenstein und dar\u00fcber hinaus bekannt.<\/p>\n<hr \/>\n<h3>Plump An- und Verkauf<\/h3>\n<figure id=\"attachment_478\" aria-describedby=\"caption-attachment-478\" style=\"width: 189px\" class=\"wp-caption alignright\"><a href=\"https:\/\/i0.wp.com\/helden-von-falkenstein.de\/wordpress\/wp-content\/uploads\/2016\/01\/m\u00fchlengasse_gezeichnet_klein.jpg\"  rel=\"lightbox[57] attachment wp-att-478\"><img loading=\"lazy\" decoding=\"async\" data-attachment-id=\"478\" data-permalink=\"https:\/\/helden-von-falkenstein.de\/wordpress\/falkenstein\/jericho-vs-bernhelm\/muehlengasse_gezeichnet_klein\/\" data-orig-file=\"https:\/\/i0.wp.com\/helden-von-falkenstein.de\/wordpress\/wp-content\/uploads\/2016\/01\/m\u00fchlengasse_gezeichnet_klein.jpg?fit=400%2C634&amp;ssl=1\" data-orig-size=\"400,634\" data-comments-opened=\"1\" data-image-meta=\"{&quot;aperture&quot;:&quot;2.4&quot;,&quot;credit&quot;:&quot;&quot;,&quot;camera&quot;:&quot;iPhone 4S&quot;,&quot;caption&quot;:&quot;&quot;,&quot;created_timestamp&quot;:&quot;1364474609&quot;,&quot;copyright&quot;:&quot;&quot;,&quot;focal_length&quot;:&quot;4.28&quot;,&quot;iso&quot;:&quot;64&quot;,&quot;shutter_speed&quot;:&quot;0.016666666666667&quot;,&quot;title&quot;:&quot;&quot;,&quot;orientation&quot;:&quot;1&quot;}\" data-image-title=\"M\u00fchlenweg\" data-image-description=\"&lt;p&gt;M\u00fchlenweg&lt;\/p&gt;\n\" data-image-caption=\"&lt;p&gt;M\u00fchlenweg St. Georg &amp;#8211; hier sind die Gesch\u00e4ftsr\u00e4ume von Plump An- und Verkauf.&lt;\/p&gt;\n\" data-medium-file=\"https:\/\/i0.wp.com\/helden-von-falkenstein.de\/wordpress\/wp-content\/uploads\/2016\/01\/m\u00fchlengasse_gezeichnet_klein.jpg?fit=189%2C300&amp;ssl=1\" data-large-file=\"https:\/\/i0.wp.com\/helden-von-falkenstein.de\/wordpress\/wp-content\/uploads\/2016\/01\/m\u00fchlengasse_gezeichnet_klein.jpg?fit=400%2C634&amp;ssl=1\" class=\"size-medium wp-image-478\" src=\"https:\/\/i0.wp.com\/helden-von-falkenstein.de\/wordpress\/wp-content\/uploads\/2016\/01\/m\u00fchlengasse_gezeichnet_klein.jpg?resize=189%2C300\" alt=\"M\u00fchlenweg\" width=\"189\" height=\"300\" srcset=\"https:\/\/i0.wp.com\/helden-von-falkenstein.de\/wordpress\/wp-content\/uploads\/2016\/01\/m\u00fchlengasse_gezeichnet_klein.jpg?resize=189%2C300&amp;ssl=1 189w, https:\/\/i0.wp.com\/helden-von-falkenstein.de\/wordpress\/wp-content\/uploads\/2016\/01\/m\u00fchlengasse_gezeichnet_klein.jpg?resize=250%2C396&amp;ssl=1 250w, https:\/\/i0.wp.com\/helden-von-falkenstein.de\/wordpress\/wp-content\/uploads\/2016\/01\/m\u00fchlengasse_gezeichnet_klein.jpg?w=400&amp;ssl=1 400w\" sizes=\"auto, (max-width: 189px) 100vw, 189px\" data-recalc-dims=\"1\" \/><\/a><figcaption id=\"caption-attachment-478\" class=\"wp-caption-text\">M\u00fchlenweg St. Georg &#8211; hier sind die Gesch\u00e4ftsr\u00e4ume von Plump An- und Verkauf.<\/figcaption><\/figure>\n<p>Die Leute von Plump haben ihr Gesch\u00e4ft in der M\u00fchlengasse. Die Stra\u00dfe ist bekannt f\u00fcr ihre kuriosen Gesch\u00e4fte mit merkw\u00fcrdigen Spezialit\u00e4ten und bei Plump findet man alles. Vor allem das, was man verkauft, wenn einem die Schuldeneintreiber oder die Steuer auf den Fersen sind. Oft kommen Soldaten Falkensteins hier vorbei und verh\u00f6kern das, was sie auf ihren Reise finden.<\/p>\n","protected":false},"excerpt":{"rendered":"<p>&nbsp; Herzog Felian Herzog Felian ist der g\u00fctige Herrscher des Landes. Sein Ruf ist untadelig und so mancher Edelmann ist voll des Neides ob seiner Akzeptanz beim Volk. Einzig die Minne, so sagt man, ist Felians gr\u00f6\u00dfte Schw\u00e4che. So wird behauptet, er sei schon oft mehrere Tage nicht gesehen worden auf Grund einer Suche nach<span class=\"excerpt-ellipsis\">&#8230;<\/span><\/p>\n<p><a class=\"more-link\" href=\"https:\/\/helden-von-falkenstein.de\/wordpress\/falkenstein\/jericho-vs-bernhelm\/\" itemprop=\"url\">Continue<\/a><\/p>\n","protected":false},"author":1,"featured_media":0,"parent":51,"menu_order":0,"comment_status":"closed","ping_status":"closed","template":"page-templates\/template-left-right.php","meta":{"jetpack_post_was_ever_published":false,"footnotes":""},"class_list":["post-57","page","type-page","status-publish","hentry"],"jetpack_sharing_enabled":true,"jetpack_shortlink":"https:\/\/wp.me\/P75ULJ-V","jetpack-related-posts":[],"_links":{"self":[{"href":"https:\/\/helden-von-falkenstein.de\/wordpress\/wp-json\/wp\/v2\/pages\/57","targetHints":{"allow":["GET"]}}],"collection":[{"href":"https:\/\/helden-von-falkenstein.de\/wordpress\/wp-json\/wp\/v2\/pages"}],"about":[{"href":"https:\/\/helden-von-falkenstein.de\/wordpress\/wp-json\/wp\/v2\/types\/page"}],"author":[{"embeddable":true,"href":"https:\/\/helden-von-falkenstein.de\/wordpress\/wp-json\/wp\/v2\/users\/1"}],"replies":[{"embeddable":true,"href":"https:\/\/helden-von-falkenstein.de\/wordpress\/wp-json\/wp\/v2\/comments?post=57"}],"version-history":[{"count":19,"href":"https:\/\/helden-von-falkenstein.de\/wordpress\/wp-json\/wp\/v2\/pages\/57\/revisions"}],"predecessor-version":[{"id":720,"href":"https:\/\/helden-von-falkenstein.de\/wordpress\/wp-json\/wp\/v2\/pages\/57\/revisions\/720"}],"up":[{"embeddable":true,"href":"https:\/\/helden-von-falkenstein.de\/wordpress\/wp-json\/wp\/v2\/pages\/51"}],"wp:attachment":[{"href":"https:\/\/helden-von-falkenstein.de\/wordpress\/wp-json\/wp\/v2\/media?parent=57"}],"curies":[{"name":"wp","href":"https:\/\/api.w.org\/{rel}","templated":true}]}}