{"id":61,"date":"2016-01-05T16:52:44","date_gmt":"2016-01-05T16:52:44","guid":{"rendered":"http:\/\/helden-von-falkenstein.de\/wordpress\/?page_id=61"},"modified":"2017-05-07T11:08:09","modified_gmt":"2017-05-07T09:08:09","slug":"die-entwickler","status":"publish","type":"page","link":"https:\/\/helden-von-falkenstein.de\/wordpress\/entwicklung\/die-entwickler\/","title":{"rendered":"Die Entwickler"},"content":{"rendered":"<p>Hinter dem Spiel <em>Helden von Falkenstein<\/em> stecken wir &#8211; Deborah Altenbeck und Daniel Kerkhoff. Doch ohne das Feedback und die Ideen unserer Freunde und Testspieler w\u00e4re das Spiel nicht so, wie es jetzt ist. Daher m\u00f6chten wir uns bei euch f\u00fcr eure Unterst\u00fctzung bedanken.<\/p>\n<p>&nbsp;<\/p>\n<hr \/>\n<h3>Wir bedanken uns bei:<\/h3>\n<p>den Testspielern:<\/p>\n<p>Sebastian, Markus, Kristina, Birger, Matthias, Cora, Uwe, Pascal, Kerstin, Clemens, Kristin, Christoph, Walter, Kiki, Sebastian, Steffi, Hanna, Sven, Manuela, Elena, Daniel, Sascha, Ulla, Gerrit, Sascha, Sabine, Alex, Lars, Andi, Wolfgang, Peter, Detlef, Phil, Thomas, Laura, Benjamin, Holger, Matthias, Melanie, Sybille, Ghislain, Katja, Bj\u00f6rn, Julian uvm.<\/p>\n<p><strong>Besonderer Dank geht an:<\/strong><\/p>\n<p>Marco f\u00fcr den Webspace.<\/p>\n<p><a href=\"http:\/\/derspielspass.npage.de\" target=\"_blank\" rel=\"noopener noreferrer\">Spielspa\u00df Bremerhaven<\/a> f\u00fcr Alles!<\/p>\n<p><a href=\"http:\/\/eggertspiele.de\">Peter Eggert<\/a> f\u00fcr die Unterst\u00fctzung.<\/p>\n","protected":false},"excerpt":{"rendered":"<p>Hinter dem Spiel Helden von Falkenstein stecken wir &#8211; Deborah Altenbeck und Daniel Kerkhoff. Doch ohne das Feedback und die Ideen unserer Freunde und Testspieler w\u00e4re das Spiel nicht so, wie es jetzt ist. Daher m\u00f6chten wir uns bei euch f\u00fcr eure Unterst\u00fctzung bedanken. &nbsp; Wir bedanken uns bei: den Testspielern: Sebastian, Markus, Kristina, Birger,<span class=\"excerpt-ellipsis\">&#8230;<\/span><\/p>\n<p><a class=\"more-link\" href=\"https:\/\/helden-von-falkenstein.de\/wordpress\/entwicklung\/die-entwickler\/\" itemprop=\"url\">Continue<\/a><\/p>\n","protected":false},"author":1,"featured_media":0,"parent":510,"menu_order":0,"comment_status":"closed","ping_status":"closed","template":"page-templates\/template-left-right.php","meta":{"jetpack_post_was_ever_published":false,"footnotes":""},"class_list":["post-61","page","type-page","status-publish","hentry"],"jetpack_sharing_enabled":true,"jetpack_shortlink":"https:\/\/wp.me\/P75ULJ-Z","jetpack-related-posts":[],"_links":{"self":[{"href":"https:\/\/helden-von-falkenstein.de\/wordpress\/wp-json\/wp\/v2\/pages\/61","targetHints":{"allow":["GET"]}}],"collection":[{"href":"https:\/\/helden-von-falkenstein.de\/wordpress\/wp-json\/wp\/v2\/pages"}],"about":[{"href":"https:\/\/helden-von-falkenstein.de\/wordpress\/wp-json\/wp\/v2\/types\/page"}],"author":[{"embeddable":true,"href":"https:\/\/helden-von-falkenstein.de\/wordpress\/wp-json\/wp\/v2\/users\/1"}],"replies":[{"embeddable":true,"href":"https:\/\/helden-von-falkenstein.de\/wordpress\/wp-json\/wp\/v2\/comments?post=61"}],"version-history":[{"count":15,"href":"https:\/\/helden-von-falkenstein.de\/wordpress\/wp-json\/wp\/v2\/pages\/61\/revisions"}],"predecessor-version":[{"id":875,"href":"https:\/\/helden-von-falkenstein.de\/wordpress\/wp-json\/wp\/v2\/pages\/61\/revisions\/875"}],"up":[{"embeddable":true,"href":"https:\/\/helden-von-falkenstein.de\/wordpress\/wp-json\/wp\/v2\/pages\/510"}],"wp:attachment":[{"href":"https:\/\/helden-von-falkenstein.de\/wordpress\/wp-json\/wp\/v2\/media?parent=61"}],"curies":[{"name":"wp","href":"https:\/\/api.w.org\/{rel}","templated":true}]}}