{"id":65,"date":"2016-01-05T16:53:12","date_gmt":"2016-01-05T16:53:12","guid":{"rendered":"http:\/\/helden-von-falkenstein.de\/wordpress\/?page_id=65"},"modified":"2016-01-25T19:46:17","modified_gmt":"2016-01-25T18:46:17","slug":"testspiele","status":"publish","type":"page","link":"https:\/\/helden-von-falkenstein.de\/wordpress\/entwicklung\/testspiele\/","title":{"rendered":"Testspiele"},"content":{"rendered":"<p>Du m\u00f6chtest gerne <em>Helden von Falkenstein<\/em> testen? Sehr gerne!\u00a0F\u00fcr\u00a0eine Anfrage bzw. um einen Termin mit uns zu vereinbaren, k\u00f6nnt ihr dieses\u00a0Kontaktformular nutzen.<\/p>\n<p>Es gibt drei M\u00f6glichkeiten die wir anbieten:\u00a0Wir kommen entweder zu euch, ihr kommt zu einem Treffen zu\u00a0uns oder wir senden euch ein Exemplar\u00a0mit Frageb\u00f6gen zu, welche\u00a0ihr dann ausgef\u00fcllt mit dem Spiel an uns zur\u00fccksenden. Nat\u00fcrlich k\u00f6nnt ihr auch mehrere M\u00f6glichkeiten w\u00e4hlen.<\/p>\n\n<div class=\"wpcf7 no-js\" id=\"wpcf7-f210-o1\" lang=\"de-DE\" dir=\"ltr\">\n<div class=\"screen-reader-response\"><p role=\"status\" aria-live=\"polite\" aria-atomic=\"true\"><\/p> <ul><\/ul><\/div>\n<form action=\"\/wordpress\/wp-json\/wp\/v2\/pages\/65#wpcf7-f210-o1\" method=\"post\" class=\"wpcf7-form init\" aria-label=\"Kontaktformular\" novalidate=\"novalidate\" data-status=\"init\">\n<div style=\"display: none;\">\n<input type=\"hidden\" name=\"_wpcf7\" value=\"210\" \/>\n<input type=\"hidden\" name=\"_wpcf7_version\" value=\"5.9.5\" \/>\n<input type=\"hidden\" name=\"_wpcf7_locale\" value=\"de_DE\" \/>\n<input type=\"hidden\" name=\"_wpcf7_unit_tag\" value=\"wpcf7-f210-o1\" \/>\n<input type=\"hidden\" name=\"_wpcf7_container_post\" value=\"0\" \/>\n<input type=\"hidden\" name=\"_wpcf7_posted_data_hash\" value=\"\" \/>\n<\/div>\n<p><b>1. Bitte kommt zu mir, falls m\u00f6glich<\/b>\n<\/p>\n<p>Mein Wohnort: <span class=\"wpcf7-form-control-wrap\" data-name=\"your-city\"><input size=\"40\" class=\"wpcf7-form-control wpcf7-text\" aria-invalid=\"false\" value=\"\" type=\"text\" name=\"your-city\" \/><\/span><br \/>\nIch kann <span class=\"wpcf7-form-control-wrap\" data-name=\"your-city-spieler\"><input class=\"wpcf7-form-control wpcf7-number wpcf7-validates-as-number\" aria-invalid=\"false\" value=\"\" type=\"number\" name=\"your-city-spieler\" \/><\/span> Mitspieler organisieren.\n<\/p>\n<p><b>2. Ich komme zu einem Testspiel nach<\/b>\n<\/p>\n<p><span class=\"wpcf7-form-control-wrap\" data-name=\"komme-nach\"><span class=\"wpcf7-form-control wpcf7-checkbox\"><span class=\"wpcf7-list-item first\"><input type=\"checkbox\" name=\"komme-nach[]\" value=\"Bremerhaven\" \/><span class=\"wpcf7-list-item-label\">Bremerhaven<\/span><\/span><span class=\"wpcf7-list-item last\"><input type=\"checkbox\" name=\"komme-nach[]\" value=\"Essen\" \/><span class=\"wpcf7-list-item-label\">Essen<\/span><\/span><\/span><\/span> <\/ p>\n<\/p>\n<p><b>3. Schickt mir bitte euren Prototypen zum Blindtesten zu<\/b>\n<\/p>\n<p>Meine Adresse: <span class=\"wpcf7-form-control-wrap\" data-name=\"adresse\"><input size=\"40\" class=\"wpcf7-form-control wpcf7-text\" aria-invalid=\"false\" value=\"\" type=\"text\" name=\"adresse\" \/><\/span><br \/>\n<\/ p>\n<\/p>\n<p>Dein Name (Pflichtfeld)\n<\/p>\n<p><span class=\"wpcf7-form-control-wrap\" data-name=\"your-name\"><input size=\"40\" class=\"wpcf7-form-control wpcf7-text wpcf7-validates-as-required\" aria-required=\"true\" aria-invalid=\"false\" value=\"\" type=\"text\" name=\"your-name\" \/><\/span>\n<\/p>\n<p>Deine E-Mail-Adresse (Pflichtfeld)\n<\/p>\n<p><span class=\"wpcf7-form-control-wrap\" data-name=\"your-email\"><input size=\"40\" class=\"wpcf7-form-control wpcf7-email wpcf7-validates-as-required wpcf7-text wpcf7-validates-as-email\" aria-required=\"true\" aria-invalid=\"false\" value=\"\" type=\"email\" name=\"your-email\" \/><\/span>\n<\/p>\n<p>Deine Nachricht (optional)\n<\/p>\n<p><span class=\"wpcf7-form-control-wrap\" data-name=\"your-message\"><textarea cols=\"40\" rows=\"10\" class=\"wpcf7-form-control wpcf7-textarea\" aria-invalid=\"false\" name=\"your-message\"><\/textarea><\/span>\n<\/p>\n<p><input class=\"wpcf7-form-control wpcf7-submit has-spinner\" type=\"submit\" value=\"Senden\" \/>\n<\/p><div class=\"wpcf7-response-output\" aria-hidden=\"true\"><\/div>\n<\/form>\n<\/div>\n\n<p>&nbsp;<\/p>\n","protected":false},"excerpt":{"rendered":"<p>Du m\u00f6chtest gerne Helden von Falkenstein testen? Sehr gerne!\u00a0F\u00fcr\u00a0eine Anfrage bzw. um einen Termin mit uns zu vereinbaren, k\u00f6nnt ihr dieses\u00a0Kontaktformular nutzen. Es gibt drei M\u00f6glichkeiten die wir anbieten:\u00a0Wir kommen entweder zu euch, ihr kommt zu einem Treffen zu\u00a0uns oder wir senden euch ein Exemplar\u00a0mit Frageb\u00f6gen zu, welche\u00a0ihr dann ausgef\u00fcllt mit dem Spiel an uns<span class=\"excerpt-ellipsis\">&#8230;<\/span><\/p>\n<p><a class=\"more-link\" href=\"https:\/\/helden-von-falkenstein.de\/wordpress\/entwicklung\/testspiele\/\" itemprop=\"url\">Continue<\/a><\/p>\n","protected":false},"author":1,"featured_media":0,"parent":510,"menu_order":0,"comment_status":"closed","ping_status":"closed","template":"page-templates\/template-left-right.php","meta":{"jetpack_post_was_ever_published":false,"footnotes":""},"class_list":["post-65","page","type-page","status-publish","hentry"],"jetpack_sharing_enabled":true,"jetpack_shortlink":"https:\/\/wp.me\/P75ULJ-13","jetpack-related-posts":[],"_links":{"self":[{"href":"https:\/\/helden-von-falkenstein.de\/wordpress\/wp-json\/wp\/v2\/pages\/65","targetHints":{"allow":["GET"]}}],"collection":[{"href":"https:\/\/helden-von-falkenstein.de\/wordpress\/wp-json\/wp\/v2\/pages"}],"about":[{"href":"https:\/\/helden-von-falkenstein.de\/wordpress\/wp-json\/wp\/v2\/types\/page"}],"author":[{"embeddable":true,"href":"https:\/\/helden-von-falkenstein.de\/wordpress\/wp-json\/wp\/v2\/users\/1"}],"replies":[{"embeddable":true,"href":"https:\/\/helden-von-falkenstein.de\/wordpress\/wp-json\/wp\/v2\/comments?post=65"}],"version-history":[{"count":11,"href":"https:\/\/helden-von-falkenstein.de\/wordpress\/wp-json\/wp\/v2\/pages\/65\/revisions"}],"predecessor-version":[{"id":636,"href":"https:\/\/helden-von-falkenstein.de\/wordpress\/wp-json\/wp\/v2\/pages\/65\/revisions\/636"}],"up":[{"embeddable":true,"href":"https:\/\/helden-von-falkenstein.de\/wordpress\/wp-json\/wp\/v2\/pages\/510"}],"wp:attachment":[{"href":"https:\/\/helden-von-falkenstein.de\/wordpress\/wp-json\/wp\/v2\/media?parent=65"}],"curies":[{"name":"wp","href":"https:\/\/api.w.org\/{rel}","templated":true}]}}